{"id":251,"date":"2024-06-27T14:21:52","date_gmt":"2024-06-27T12:21:52","guid":{"rendered":"https:\/\/expo-pauldelvaux.com\/?page_id=251"},"modified":"2024-07-05T11:31:04","modified_gmt":"2024-07-05T09:31:04","slug":"conditions-generales-de-vente","status":"publish","type":"page","link":"https:\/\/expo-pauldelvaux.com\/nl\/conditions-generales-de-vente\/","title":{"rendered":"Algemene verkoopsvoorwaarden"},"content":{"rendered":"<div data-elementor-type=\"wp-page\" data-elementor-id=\"251\" class=\"elementor elementor-251\" data-elementor-post-type=\"page\">\n\t\t\t\t\t\t<section class=\"elementor-section elementor-top-section elementor-element elementor-element-c516bac elementor-section-boxed elementor-section-height-default elementor-section-height-default\" data-id=\"c516bac\" data-element_type=\"section\">\n\t\t\t\t\t\t<div class=\"elementor-container elementor-column-gap-default\">\n\t\t\t\t\t<div class=\"elementor-column elementor-col-100 elementor-top-column elementor-element elementor-element-2658208\" data-id=\"2658208\" data-element_type=\"column\">\n\t\t\t<div class=\"elementor-widget-wrap elementor-element-populated\">\n\t\t\t\t\t\t<div class=\"elementor-element elementor-element-299b9de elementor-widget elementor-widget-spacer\" data-id=\"299b9de\" data-element_type=\"widget\" data-widget_type=\"spacer.default\">\n\t\t\t\t<div class=\"elementor-widget-container\">\n\t\t\t\t\t\t\t<div class=\"elementor-spacer\">\n\t\t\t<div class=\"elementor-spacer-inner\"><\/div>\n\t\t<\/div>\n\t\t\t\t\t\t<\/div>\n\t\t\t\t<\/div>\n\t\t\t\t<div class=\"elementor-element elementor-element-48c4255 elementor-widget elementor-widget-text-editor\" data-id=\"48c4255\" data-element_type=\"widget\" data-widget_type=\"text-editor.default\">\n\t\t\t\t<div class=\"elementor-widget-container\">\n\t\t\t\t\t\t\t\t\t<div data-elementor-type=\"wp-page\" data-elementor-id=\"3603\"><section data-id=\"c139014\" data-element_type=\"section\"><div data-id=\"6b36e31\" data-element_type=\"column\"><div data-id=\"84e29c5\" data-element_type=\"widget\" data-widget_type=\"text-editor.default\"><h1><span style=\"color: #000000;\"><strong>Algemene verkoopsvoorwaarden<\/strong><\/span><\/h1><h2><span style=\"color: #333333;\">1.\u00a0 \u00a0 \u00a0Ventes en ligne<\/span><\/h2><p><span style=\"color: #333333;\">L\u2019exposition <em>Paul Delvaux en zijn universum<\/em> ouvre ses portes le 4 octobre 2024. Elle est pr\u00e9sent\u00e9e \u00e0 La Boverie \u00e0 Li\u00e8ge par la soci\u00e9t\u00e9 Tempora s.a.<\/span><\/p><h2><span style=\"color: #333333;\">2.\u00a0 \u00a0 \u00a0Application des conditions g\u00e9n\u00e9rales\u00a0<\/span><\/h2><p><span style=\"color: #333333;\">Les conventions entre l\u2019acheteur et Tempora s.a. sont int\u00e9gralement et exclusivement r\u00e9gies par les pr\u00e9sentes conditions g\u00e9n\u00e9rales, nonobstant toute disposition contraire figurant sur tout document quelconque \u00e9manant du client.<\/span><\/p><h3><span style=\"color: #333333;\">2.1.\u00a0<strong>Tarieven<\/strong><\/span><\/h3><p><span style=\"color: #333333;\">Le prix des billets est indiqu\u00e9 sur notre site web en \u20ac toutes taxes comprises. Les conditions sp\u00e9ciales ne seront appliqu\u00e9es qu\u2019\u00e0 l\u2019accueil de l\u2019exposition le jour de la visite.<\/span><\/p><p><span style=\"color: #333333;\">Tout acheteur ayant fait la demande d\u2019un tarif sp\u00e9cial sera susceptible de prouver sa l\u00e9gitimit\u00e9 avec un document officiel lors du passage au contr\u00f4le d\u2019entr\u00e9e.\u00a0<\/span><\/p><h3><span style=\"color: #333333;\">2.2. Donn\u00e9es personnelles<\/span><\/h3><p><span style=\"color: #333333;\">Lors de l\u2019achat de billet(s) via internet, l\u2019acheteur est tenu de respecter toutes les \u00e9tapes. Pendant la proc\u00e9dure, l\u2019acheteur devra fournir des informations sp\u00e9cifiques qui sont n\u00e9cessaires \u00e0 la gestion de sa commande. L\u2019acheteur confirme que ces informations sont correctes et actuelles. L\u2019acheteur de billet prend toutes les mesures de pr\u00e9caution requises pour conserver secret son mot de passe.<\/span><\/p><p><span style=\"color: #333333;\">Conform\u00e9ment au GDPR, Tempora s.a. utilisera ces donn\u00e9es uniquement dans le cadre de la promotion de ses activit\u00e9s. Tempora s.a. certifie que ces donn\u00e9es ne seront en aucun cas vendues ni \u00e9chang\u00e9es. Le visiteur peut \u00e0 tout moment se d\u00e9sabonner des newsletters et ne plus faire partie de la base de donn\u00e9es de Tempora s.a. en envoyant un e-mail \u00e0\u00a0<a style=\"color: #333333;\" href=\"mailto:privacy@tempora.be\">privacy@tempora.be<\/a>\u00a0ou en se d\u00e9sabonnant manuellement.<\/span><\/p><h3><span style=\"color: #333333;\">2.3. Votre billet<\/span><\/h3><p><span style=\"color: #333333;\"><strong>a. Aucun billet ne sera rembours\u00e9<\/strong><\/span><\/p><p><span style=\"color: #333333;\"><strong>b. D\u00e9livrance<\/strong>\u00a0: Apr\u00e8s acceptation du paiement, le billet est envoy\u00e9 \u00e0 l\u2019adresse mail indiqu\u00e9e au cours du processus de commande.<\/span><\/p><p><span style=\"color: #333333;\"><strong style=\"font-family: var( --e-global-typography-text-font-family ), Sans-serif; background-color: var(--nv-site-bg); font-size: var(--bodyfontsize); letter-spacing: var(--bodyletterspacing); text-transform: var(--bodytexttransform);\">c. Validit\u00e9<\/strong><span style=\"font-family: var( --e-global-typography-text-font-family ), Sans-serif; font-weight: var( --e-global-typography-text-font-weight ); background-color: var(--nv-site-bg); font-size: var(--bodyfontsize); letter-spacing: var(--bodyletterspacing); text-transform: var(--bodytexttransform);\">\u00a0: Pour \u00eatre valide, votre billet doit pr\u00e9sent\u00e9 \u00e0 l\u2019accueil de l\u2019exposition sur votre t\u00e9l\u00e9phone ou en version imprim\u00e9e. \u00c0 chaque entr\u00e9e achet\u00e9e correspond un billet. La validit\u00e9 des billets est contr\u00f4l\u00e9e et enregistr\u00e9e \u00e0 l\u2019entr\u00e9e \u00e0 l\u2019aide de lecteurs de code barre, le billet est valable uniquement \u00e0 la date de visite s\u00e9lectionn\u00e9e lors de votre commande. Il est impossible d\u2019\u00eatre admis \u00e0 l\u2019entr\u00e9e plusieurs fois avec le m\u00eame billet.<\/span><\/span><\/p><p><span style=\"color: #333333;\"><strong>d.<\/strong>\u00a0Seule la premi\u00e8re personne \u00e0 pr\u00e9senter le billet pourra entrer dans l\u2019exposition. Elle est pr\u00e9sum\u00e9e \u00eatre le porteur l\u00e9gitime du billet. C\u2019est pourquoi il est interdit de reproduire, dupliquer ou contrefaire le billet d\u2019une quelconque mani\u00e8re, ou de le mettre \u00e0 disposition \u00e0 de telles fins. L\u2019acheteur doit conserver son e-billet en lieu s\u00fbr. L\u2019acheteur ne doit jamais accepter un billet propos\u00e9 par un inconnu, car il pourrait s\u2019agir d\u2019une copie. Le d\u00e9tenteur du billet peut \u00eatre une personne diff\u00e9rente de l\u2019acheteur.<\/span><\/p><p><span style=\"color: #333333;\"><strong>e.<\/strong>\u00a0Les groupes re\u00e7oivent un voucher \u00e0 pr\u00e9senter \u00e0 la caisse lors de leur arriv\u00e9e. Le prix sera revu en fonction du nombre de personnes composant le groupe effectivement pr\u00e9sent.<strong><br \/><\/strong><\/span><\/p><h3><span style=\"color: #333333;\">2.4. Paiement<\/span><\/h3><p><span style=\"color: #333333;\">Le fait de valider une commande implique l\u2019obligation \u00e0 la charge de l\u2019acheteur de payer le prix indiqu\u00e9. L\u2019acheteur doit effectuer le r\u00e8glement de ses achats sur le site par carte bancaire. Le d\u00e9bit du compte bancaire est ind\u00e9pendant de l\u2019utilisation des billets. En tout \u00e9tat de cause, les billets sont r\u00e9gl\u00e9s m\u00eame si l\u2019acheteur omet de les imprimer. Le justificatif de paiement ne peut servir de billet d\u2019entr\u00e9e.<\/span><\/p><p><span style=\"color: #333333;\">Le paiement des entr\u00e9es pour les groupes s\u2019effectue par virement en amont de la visite. Exceptionnellement, celui-ci peut \u00eatre effectu\u00e9 directement \u00e0 la caisse ou par facture apr\u00e8s la visite. L\u2019acheteur doit obligatoirement mentionner cette derni\u00e8re option lors de sa r\u00e9servation et doit obligatoirement communiquer les coordonn\u00e9es de facturation n\u00e9cessaires.<\/span><\/p><p><span style=\"color: #333333;\">Le paiement par facture apr\u00e8s la visite n\u2019est possible que pour les groupes ayant effectu\u00e9 une r\u00e9servation.<\/span><\/p><h3><span style=\"color: #333333;\">2.5. Non-utilisation des tickets<\/span><\/h3><p><span style=\"color: #333333;\">Les tickets d\u2019entr\u00e9e sont valables pour un passage unique au contr\u00f4le pour la date et le cr\u00e9neau horaire mentionn\u00e9 sur le billet. Un billet non utilis\u00e9 ne sera ni rembours\u00e9 ni \u00e9chang\u00e9.<\/span><\/p><h3><span style=\"color: #333333;\">2.6. Report des tickets<\/span><\/h3><p><span style=\"color: #333333;\">Les dates et horaires de visite peuvent \u00eatre modifi\u00e9s\u00a0 en envoyant un email \u00e0 l\u2019adresse <a style=\"color: #333333;\" href=\"mailto:info@expo-pauldelvaux.com\">info@expo-pauldelvaux.com<\/a>\u00a0du lundi au vendredi entre 9h30 et 17h.<\/span><\/p><p><span style=\"color: #333333;\">Les modifications peuvent \u00eatre effectu\u00e9es jusqu\u2019\u00e0 trois fois et maximum trois heures avant le cr\u00e9neau horaire choisi.<\/span><\/p><h2><span style=\"color: #333333;\">3.\u00a0 \u00a0 \u00a0Groupes adultes et scolaires<\/span><\/h2><p>\u00a0<\/p><div><div><div><h4><span style=\"color: #333333;\">3.1. Proc\u00e9dures et conditions g\u00e9n\u00e9rales de r\u00e9servations d&rsquo;une visite simple\u00a0<\/span><\/h4><p><span style=\"color: #333333;\">Les r\u00e9servations peuvent se faire par t\u00e9l\u00e9phone ou par email. En cas de prise de contact t\u00e9l\u00e9phonique, il sera demand\u00e9 au responsable du groupe de confirmer sa demande de r\u00e9servation par e-mail \u00e0 l\u2019adresse <a href=\"mailto:reservations@expo-pauldelvaux.com\">reservations@expo-pauldelvaux.com<\/a>.<\/span><\/p><p><span style=\"color: #333333;\">Le groupe adultes doit \u00eatre compos\u00e9 de minimum 15 personnes le jour de la visite afin de pouvoir b\u00e9n\u00e9ficier du tarif groupe et la r\u00e9servation doit intervenir au moins 4 jours ouvrables avant la date de la visite. Si le jour de la visite, le nombre de personnes est inf\u00e9rieur \u00e0 15 personnes, le tarif individuel sera d\u2019application.<\/span><\/p><p><span style=\"color: #333333;\">Le groupe scolaire profite du tarif groupe scolaire par \u00e9l\u00e8ve et par professeur (un professeur gratuit par tranche de 15 \u00e9l\u00e8ves) peu importe la taille du groupe. La r\u00e9servation doit intervenir au moins 4 jours ouvrables avant la date de la visite.<\/span><\/p><p><span style=\"color: #333333;\">Toute r\u00e9servation est confirm\u00e9e par e-mail auquel sont jointes les pr\u00e9sentes conditions g\u00e9n\u00e9rales de r\u00e9servation. Cette confirmation comprend \u00e9galement un devis avec un montant indicatif (il est susceptible de varier en fonction du nombre de personnes pr\u00e9sentes sur place le jour de la visite). Le responsable de groupe est invit\u00e9 \u00e0 lire attentivement toutes les informations reprises sur le formulaire de confirmation et \u00e0 v\u00e9rifier qu\u2019elles soient correctes. Sans r\u00e9action du responsable de groupe 4 jours ouvrables avant sa visite, la r\u00e9servation est consid\u00e9r\u00e9e comme d\u00e9finitive. Le jour de la visite, le responsable de groupe doit se pr\u00e9senter avec cette confirmation au guichet. Un groupe n\u2019ayant pas re\u00e7u cette confirmation de r\u00e9servation 2 jours ouvrables avant sa visite doit imp\u00e9rativement recontacter le service de r\u00e9servation au num\u00e9ro +32 (0) 2 549 60 49 ou par mail\u00a0<\/span><span style=\"color: #333333;\">reservations@expo-pauldelvaux.com<\/span><span style=\"color: #333333;\">.\u00a0<\/span><\/p><p><span style=\"color: #333333;\">Le groupe se pr\u00e9sente \u00e0 l\u2019entr\u00e9e \u00e0 la date et l\u2019heure indiqu\u00e9e sur la confirmation de r\u00e9servation. En cas de retard le jour-m\u00eame, le responsable se doit de pr\u00e9venir le service de r\u00e9servation au moins 2 heures avant au num\u00e9ro +32 (0) 2 549 60 49. Le service r\u00e9servation se r\u00e9serve le droit d\u2019adapter l\u2019heure de la visite de celui-ci en fonction du planning journalier, il en informera alors le groupe.<\/span><\/p><ul><li><span style=\"color: #333333;\">Paiement<\/span><\/li><\/ul><p><span style=\"color: #333333;\">Le paiement de l\u2019ensemble des tickets se fera obligatoirement au guichet par le responsable de groupe avant la visite, le jour m\u00eame. Les moyens de paiement accept\u00e9s sont le paiement en liquide, les cartes bancaires (bancontact, maestro) et les cartes de cr\u00e9dit (Visa, Mastercard, V-Pay, American Express). Un paiement apr\u00e8s la visite ne peut \u00eatre envisag\u00e9 qu\u2019apr\u00e8s consultation et accord pr\u00e9alable des organisateurs et du service de r\u00e9servation. Les paiements par ch\u00e8que ne sont pas accept\u00e9s.\u00a0<\/span><\/p><p><span style=\"color: #333333; font-family: var( --e-global-typography-text-font-family ), Sans-serif; font-weight: var( --e-global-typography-text-font-weight ); background-color: var(--nv-site-bg); font-size: var(--bodyfontsize); letter-spacing: var(--bodyletterspacing); text-transform: var(--bodytexttransform);\">Annulation<\/span><\/p><p><span style=\"color: #333333;\">L\u2019annulation d\u2019une visite simple (sans animation) doit parvenir au service r\u00e9servation au moins 2 jours ouvrables avant la date de visite programm\u00e9e, par mail ou par t\u00e9l\u00e9phone.<\/span><\/p><h4><span style=\"color: #333333;\">3.2. Proc\u00e9dures et conditions de r\u00e9servation d&rsquo;une animation scolaire ou d&rsquo;une visite guid\u00e9e\u00a0<\/span><\/h4><p><span style=\"color: #333333;\">Le groupe souhaitant une visite guid\u00e9e\u00a0 se doit de r\u00e9server au plus tard 15 jours ouvrables avant sa visite. Lors de la r\u00e9servation, le responsable de groupe pr\u00e9cise l\u2019\u00e2ge des \u00e9l\u00e8ves concern\u00e9s. Toute remarque sp\u00e9ciale relative aux enfants (sant\u00e9, handicap \u00e9ventuel, langue de l\u2019animation, autre) devra \u00e9galement \u00eatre pr\u00e9cis\u00e9e lors de la r\u00e9servation. Un animateur prend en charge maximum 20 \u00e9l\u00e8ves. Pour un groupe sup\u00e9rieur \u00e0 20 \u00e9l\u00e8ves, plusieurs animateurs seront n\u00e9cessaires.\u00a0<\/span><\/p><ul><li><span style=\"color: #333333;\">Paiement<\/span><\/li><\/ul><p><span style=\"color: #333333;\">Le paiement du ou des animateur(s) se fait de la m\u00eame mani\u00e8re et au m\u00eame moment que le paiement des entr\u00e9es.<\/span><\/p><ul><li><span style=\"color: #333333;\">Annulation ou modification<\/span><\/li><\/ul><p><span style=\"color: #333333;\">Toute annulation ou modification d\u2019une animation scolaire doit se faire au plus tard 10 jours avant la date de visite. Si ce d\u00e9lai n\u2019est pas respect\u00e9, les honoraires du\/des animateur(s) seront factur\u00e9s au groupe.<\/span><\/p><\/div><\/div><\/div><p>\u00a0<\/p><\/div><\/div><\/section><\/div>\t\t\t\t\t\t\t\t<\/div>\n\t\t\t\t<\/div>\n\t\t\t\t\t<\/div>\n\t\t<\/div>\n\t\t\t\t\t<\/div>\n\t\t<\/section>\n\t\t\t\t<\/div>","protected":false},"excerpt":{"rendered":"<p>Conditions g\u00e9n\u00e9rales de vente 1.\u00a0 \u00a0 \u00a0Ventes en ligne L\u2019exposition Les Mondes de Paul Delvaux ouvre ses portes le 4 octobre 2024. Elle est pr\u00e9sent\u00e9e \u00e0 La Boverie \u00e0 Li\u00e8ge par la soci\u00e9t\u00e9 Tempora s.a. 2.\u00a0 \u00a0 \u00a0Application des conditions g\u00e9n\u00e9rales\u00a0 Les conventions entre l\u2019acheteur et Tempora s.a. sont int\u00e9gralement et exclusivement r\u00e9gies par les&hellip;&nbsp;<a href=\"https:\/\/expo-pauldelvaux.com\/nl\/conditions-generales-de-vente\/\" class=\"\" rel=\"bookmark\">Lees meer &raquo;<span class=\"screen-reader-text\">Algemene verkoopsvoorwaarden<\/span><\/a><\/p>","protected":false},"author":3,"featured_media":0,"parent":0,"menu_order":0,"comment_status":"closed","ping_status":"closed","template":"page-templates\/template-pagebuilder-full-width.php","meta":{"neve_meta_sidebar":"","neve_meta_container":"","neve_meta_enable_content_width":"","neve_meta_content_width":0,"neve_meta_title_alignment":"","neve_meta_author_avatar":"","neve_post_elements_order":"","neve_meta_disable_header":"","neve_meta_disable_footer":"","neve_meta_disable_title":"","footnotes":""},"class_list":["post-251","page","type-page","status-publish","hentry"],"yoast_head":"<!-- This site is optimized with the Yoast SEO plugin v24.4 - https:\/\/yoast.com\/wordpress\/plugins\/seo\/ -->\n<title>Conditions g\u00e9n\u00e9rales de vente - EXPO Paul Delvaux<\/title>\n<meta name=\"robots\" content=\"index, follow, max-snippet:-1, max-image-preview:large, max-video-preview:-1\" \/>\n<link rel=\"canonical\" href=\"https:\/\/expo-pauldelvaux.com\/nl\/conditions-generales-de-vente\/\" \/>\n<meta property=\"og:locale\" content=\"nl_BE\" \/>\n<meta property=\"og:type\" content=\"article\" \/>\n<meta property=\"og:title\" content=\"Conditions g\u00e9n\u00e9rales de vente - EXPO Paul Delvaux\" \/>\n<meta property=\"og:description\" content=\"Conditions g\u00e9n\u00e9rales de vente 1.\u00a0 \u00a0 \u00a0Ventes en ligne L\u2019exposition Les Mondes de Paul Delvaux ouvre ses portes le 4 octobre 2024. Elle est pr\u00e9sent\u00e9e \u00e0 La Boverie \u00e0 Li\u00e8ge par la soci\u00e9t\u00e9 Tempora s.a. 2.\u00a0 \u00a0 \u00a0Application des conditions g\u00e9n\u00e9rales\u00a0 Les conventions entre l\u2019acheteur et Tempora s.a. sont int\u00e9gralement et exclusivement r\u00e9gies par les&hellip;&nbsp;Lees meer &raquo;Conditions g\u00e9n\u00e9rales de vente\" \/>\n<meta property=\"og:url\" content=\"https:\/\/expo-pauldelvaux.com\/nl\/conditions-generales-de-vente\/\" \/>\n<meta property=\"og:site_name\" content=\"EXPO Paul Delvaux\" \/>\n<meta property=\"article:publisher\" content=\"https:\/\/www.facebook.com\/expopauldelvaux\" \/>\n<meta property=\"article:modified_time\" content=\"2024-07-05T09:31:04+00:00\" \/>\n<meta name=\"twitter:card\" content=\"summary_large_image\" \/>\n<meta name=\"twitter:label1\" content=\"Geschatte leestijd\" \/>\n\t<meta name=\"twitter:data1\" content=\"7 minuten\" \/>\n<script type=\"application\/ld+json\" class=\"yoast-schema-graph\">{\"@context\":\"https:\/\/schema.org\",\"@graph\":[{\"@type\":\"WebPage\",\"@id\":\"https:\/\/expo-pauldelvaux.com\/conditions-generales-de-vente\/\",\"url\":\"https:\/\/expo-pauldelvaux.com\/conditions-generales-de-vente\/\",\"name\":\"Conditions g\u00e9n\u00e9rales de vente - EXPO Paul Delvaux\",\"isPartOf\":{\"@id\":\"https:\/\/expo-pauldelvaux.com\/#website\"},\"datePublished\":\"2024-06-27T12:21:52+00:00\",\"dateModified\":\"2024-07-05T09:31:04+00:00\",\"breadcrumb\":{\"@id\":\"https:\/\/expo-pauldelvaux.com\/conditions-generales-de-vente\/#breadcrumb\"},\"inLanguage\":\"nl-BE\",\"potentialAction\":[{\"@type\":\"ReadAction\",\"target\":[\"https:\/\/expo-pauldelvaux.com\/conditions-generales-de-vente\/\"]}]},{\"@type\":\"BreadcrumbList\",\"@id\":\"https:\/\/expo-pauldelvaux.com\/conditions-generales-de-vente\/#breadcrumb\",\"itemListElement\":[{\"@type\":\"ListItem\",\"position\":1,\"name\":\"Accueil\",\"item\":\"https:\/\/expo-pauldelvaux.com\/\"},{\"@type\":\"ListItem\",\"position\":2,\"name\":\"Conditions g\u00e9n\u00e9rales de vente\"}]},{\"@type\":\"WebSite\",\"@id\":\"https:\/\/expo-pauldelvaux.com\/#website\",\"url\":\"https:\/\/expo-pauldelvaux.com\/\",\"name\":\"Exposition Paul Delvaux\",\"description\":\"Les Mondes de Paul Delvaux\",\"publisher\":{\"@id\":\"https:\/\/expo-pauldelvaux.com\/#organization\"},\"potentialAction\":[{\"@type\":\"SearchAction\",\"target\":{\"@type\":\"EntryPoint\",\"urlTemplate\":\"https:\/\/expo-pauldelvaux.com\/?s={search_term_string}\"},\"query-input\":{\"@type\":\"PropertyValueSpecification\",\"valueRequired\":true,\"valueName\":\"search_term_string\"}}],\"inLanguage\":\"nl-BE\"},{\"@type\":\"Organization\",\"@id\":\"https:\/\/expo-pauldelvaux.com\/#organization\",\"name\":\"Les Mondes de Paul Delvaux\",\"url\":\"https:\/\/expo-pauldelvaux.com\/\",\"logo\":{\"@type\":\"ImageObject\",\"inLanguage\":\"nl-BE\",\"@id\":\"https:\/\/expo-pauldelvaux.com\/#\/schema\/logo\/image\/\",\"url\":\"https:\/\/expo-pauldelvaux.com\/wp-content\/uploads\/2024\/06\/DELVAUX_affiches_carre.jpg\",\"contentUrl\":\"https:\/\/expo-pauldelvaux.com\/wp-content\/uploads\/2024\/06\/DELVAUX_affiches_carre.jpg\",\"width\":1500,\"height\":1500,\"caption\":\"Les Mondes de Paul Delvaux\"},\"image\":{\"@id\":\"https:\/\/expo-pauldelvaux.com\/#\/schema\/logo\/image\/\"},\"sameAs\":[\"https:\/\/www.facebook.com\/expopauldelvaux\",\"https:\/\/www.instagram.com\/pauldelvaux_expo\"]}]}<\/script>\n<!-- \/ Yoast SEO plugin. -->","yoast_head_json":{"title":"Conditions g\u00e9n\u00e9rales de vente - EXPO Paul Delvaux","robots":{"index":"index","follow":"follow","max-snippet":"max-snippet:-1","max-image-preview":"max-image-preview:large","max-video-preview":"max-video-preview:-1"},"canonical":"https:\/\/expo-pauldelvaux.com\/nl\/conditions-generales-de-vente\/","og_locale":"nl_BE","og_type":"article","og_title":"Conditions g\u00e9n\u00e9rales de vente - EXPO Paul Delvaux","og_description":"Conditions g\u00e9n\u00e9rales de vente 1.\u00a0 \u00a0 \u00a0Ventes en ligne L\u2019exposition Les Mondes de Paul Delvaux ouvre ses portes le 4 octobre 2024. Elle est pr\u00e9sent\u00e9e \u00e0 La Boverie \u00e0 Li\u00e8ge par la soci\u00e9t\u00e9 Tempora s.a. 2.\u00a0 \u00a0 \u00a0Application des conditions g\u00e9n\u00e9rales\u00a0 Les conventions entre l\u2019acheteur et Tempora s.a. sont int\u00e9gralement et exclusivement r\u00e9gies par les&hellip;&nbsp;Lees meer &raquo;Conditions g\u00e9n\u00e9rales de vente","og_url":"https:\/\/expo-pauldelvaux.com\/nl\/conditions-generales-de-vente\/","og_site_name":"EXPO Paul Delvaux","article_publisher":"https:\/\/www.facebook.com\/expopauldelvaux","article_modified_time":"2024-07-05T09:31:04+00:00","twitter_card":"summary_large_image","twitter_misc":{"Geschatte leestijd":"7 minuten"},"schema":{"@context":"https:\/\/schema.org","@graph":[{"@type":"WebPage","@id":"https:\/\/expo-pauldelvaux.com\/conditions-generales-de-vente\/","url":"https:\/\/expo-pauldelvaux.com\/conditions-generales-de-vente\/","name":"Conditions g\u00e9n\u00e9rales de vente - EXPO Paul Delvaux","isPartOf":{"@id":"https:\/\/expo-pauldelvaux.com\/#website"},"datePublished":"2024-06-27T12:21:52+00:00","dateModified":"2024-07-05T09:31:04+00:00","breadcrumb":{"@id":"https:\/\/expo-pauldelvaux.com\/conditions-generales-de-vente\/#breadcrumb"},"inLanguage":"nl-BE","potentialAction":[{"@type":"ReadAction","target":["https:\/\/expo-pauldelvaux.com\/conditions-generales-de-vente\/"]}]},{"@type":"BreadcrumbList","@id":"https:\/\/expo-pauldelvaux.com\/conditions-generales-de-vente\/#breadcrumb","itemListElement":[{"@type":"ListItem","position":1,"name":"Accueil","item":"https:\/\/expo-pauldelvaux.com\/"},{"@type":"ListItem","position":2,"name":"Conditions g\u00e9n\u00e9rales de vente"}]},{"@type":"WebSite","@id":"https:\/\/expo-pauldelvaux.com\/#website","url":"https:\/\/expo-pauldelvaux.com\/","name":"Exposition Paul Delvaux","description":"Les Mondes de Paul Delvaux","publisher":{"@id":"https:\/\/expo-pauldelvaux.com\/#organization"},"potentialAction":[{"@type":"SearchAction","target":{"@type":"EntryPoint","urlTemplate":"https:\/\/expo-pauldelvaux.com\/?s={search_term_string}"},"query-input":{"@type":"PropertyValueSpecification","valueRequired":true,"valueName":"search_term_string"}}],"inLanguage":"nl-BE"},{"@type":"Organization","@id":"https:\/\/expo-pauldelvaux.com\/#organization","name":"Les Mondes de Paul Delvaux","url":"https:\/\/expo-pauldelvaux.com\/","logo":{"@type":"ImageObject","inLanguage":"nl-BE","@id":"https:\/\/expo-pauldelvaux.com\/#\/schema\/logo\/image\/","url":"https:\/\/expo-pauldelvaux.com\/wp-content\/uploads\/2024\/06\/DELVAUX_affiches_carre.jpg","contentUrl":"https:\/\/expo-pauldelvaux.com\/wp-content\/uploads\/2024\/06\/DELVAUX_affiches_carre.jpg","width":1500,"height":1500,"caption":"Les Mondes de Paul Delvaux"},"image":{"@id":"https:\/\/expo-pauldelvaux.com\/#\/schema\/logo\/image\/"},"sameAs":["https:\/\/www.facebook.com\/expopauldelvaux","https:\/\/www.instagram.com\/pauldelvaux_expo"]}]}},"_links":{"self":[{"href":"https:\/\/expo-pauldelvaux.com\/nl\/wp-json\/wp\/v2\/pages\/251","targetHints":{"allow":["GET"]}}],"collection":[{"href":"https:\/\/expo-pauldelvaux.com\/nl\/wp-json\/wp\/v2\/pages"}],"about":[{"href":"https:\/\/expo-pauldelvaux.com\/nl\/wp-json\/wp\/v2\/types\/page"}],"author":[{"embeddable":true,"href":"https:\/\/expo-pauldelvaux.com\/nl\/wp-json\/wp\/v2\/users\/3"}],"replies":[{"embeddable":true,"href":"https:\/\/expo-pauldelvaux.com\/nl\/wp-json\/wp\/v2\/comments?post=251"}],"version-history":[{"count":23,"href":"https:\/\/expo-pauldelvaux.com\/nl\/wp-json\/wp\/v2\/pages\/251\/revisions"}],"predecessor-version":[{"id":1115,"href":"https:\/\/expo-pauldelvaux.com\/nl\/wp-json\/wp\/v2\/pages\/251\/revisions\/1115"}],"wp:attachment":[{"href":"https:\/\/expo-pauldelvaux.com\/nl\/wp-json\/wp\/v2\/media?parent=251"}],"curies":[{"name":"wp","href":"https:\/\/api.w.org\/{rel}","templated":true}]}}