{"id":10,"date":"2024-04-30T17:44:46","date_gmt":"2024-04-30T15:44:46","guid":{"rendered":"https:\/\/expo-pauldelvaux.com\/?page_id=10"},"modified":"2025-06-12T14:00:27","modified_gmt":"2025-06-12T12:00:27","slug":"accueil","status":"publish","type":"page","link":"https:\/\/expo-pauldelvaux.com\/nl\/","title":{"rendered":"Home"},"content":{"rendered":"<div data-elementor-type=\"wp-page\" data-elementor-id=\"10\" class=\"elementor elementor-10\" data-elementor-post-type=\"page\">\n\t\t\t\t<div class=\"elementor-element elementor-element-861ff09 e-grid elementor-hidden-mobile e-con-boxed e-con e-parent\" data-id=\"861ff09\" data-element_type=\"container\" data-settings=\"{&quot;background_background&quot;:&quot;slideshow&quot;,&quot;background_slideshow_gallery&quot;:[{&quot;id&quot;:85,&quot;url&quot;:&quot;https:\\\/\\\/expo-pauldelvaux.com\\\/wp-content\\\/uploads\\\/2024\\\/06\\\/DELVAUX_1963_Petite-Place-de-gare_\\u00a9-Photo-Vincent-Everarts-LIGHT-scaled.jpg&quot;},{&quot;id&quot;:86,&quot;url&quot;:&quot;https:\\\/\\\/expo-pauldelvaux.com\\\/wp-content\\\/uploads\\\/2024\\\/06\\\/DELVAUX_1973_Le-Rendez-vous-dEphese-\\u00a9-Photo-Vincent-Everarts-LIGHT-scaled.jpg&quot;},{&quot;id&quot;:87,&quot;url&quot;:&quot;https:\\\/\\\/expo-pauldelvaux.com\\\/wp-content\\\/uploads\\\/2024\\\/06\\\/DELVAUX_1978_Le-Tunnel_\\u00a9-Photo-Vincent-Everarts-LIGHT-1.jpg&quot;},{&quot;id&quot;:83,&quot;url&quot;:&quot;https:\\\/\\\/expo-pauldelvaux.com\\\/wp-content\\\/uploads\\\/2024\\\/06\\\/DELVAUX_1943-04_LAube-\\u00a9-Photos-Vincent-Everarts-LIGHT-scaled-e1720535044291.jpg&quot;}],&quot;background_slideshow_slide_duration&quot;:4000,&quot;background_slideshow_loop&quot;:&quot;yes&quot;,&quot;background_slideshow_slide_transition&quot;:&quot;fade&quot;,&quot;background_slideshow_transition_duration&quot;:500}\">\n\t\t\t\t\t<div class=\"e-con-inner\">\n\t\t\t\t<div class=\"elementor-element elementor-element-9d1d1be elementor-widget elementor-widget-image\" data-id=\"9d1d1be\" data-element_type=\"widget\" data-widget_type=\"image.default\">\n\t\t\t\t<div class=\"elementor-widget-container\">\n\t\t\t\t\t\t\t\t\t\t\t\t\t\t\t<img fetchpriority=\"high\" decoding=\"async\" width=\"1024\" height=\"768\" src=\"https:\/\/expo-pauldelvaux.com\/wp-content\/uploads\/2024\/09\/LOG0_Delvaux_NL-1.png\" class=\"attachment-2048x2048 size-2048x2048 wp-image-678\" alt=\"\" srcset=\"https:\/\/expo-pauldelvaux.com\/wp-content\/uploads\/2024\/09\/LOG0_Delvaux_NL-1.png 1024w, https:\/\/expo-pauldelvaux.com\/wp-content\/uploads\/2024\/09\/LOG0_Delvaux_NL-1-300x225.png 300w, https:\/\/expo-pauldelvaux.com\/wp-content\/uploads\/2024\/09\/LOG0_Delvaux_NL-1-768x576.png 768w, https:\/\/expo-pauldelvaux.com\/wp-content\/uploads\/2024\/09\/LOG0_Delvaux_NL-1-16x12.png 16w\" sizes=\"(max-width: 1024px) 100vw, 1024px\" \/>\t\t\t\t\t\t\t\t\t\t\t\t\t\t\t<\/div>\n\t\t\t\t<\/div>\n\t\t\t\t<div class=\"elementor-element elementor-element-17b5e91 elementor-widget elementor-widget-spacer\" data-id=\"17b5e91\" data-element_type=\"widget\" data-widget_type=\"spacer.default\">\n\t\t\t\t<div class=\"elementor-widget-container\">\n\t\t\t\t\t\t\t<div class=\"elementor-spacer\">\n\t\t\t<div class=\"elementor-spacer-inner\"><\/div>\n\t\t<\/div>\n\t\t\t\t\t\t<\/div>\n\t\t\t\t<\/div>\n\t\t\t\t\t<\/div>\n\t\t\t\t<\/div>\n\t\t<div class=\"elementor-element elementor-element-3d73099 e-grid elementor-hidden-desktop elementor-hidden-tablet e-con-boxed e-con e-parent\" data-id=\"3d73099\" data-element_type=\"container\" data-settings=\"{&quot;background_background&quot;:&quot;slideshow&quot;,&quot;background_slideshow_gallery&quot;:[{&quot;id&quot;:804,&quot;url&quot;:&quot;https:\\\/\\\/expo-pauldelvaux.com\\\/wp-content\\\/uploads\\\/2024\\\/09\\\/1.jpg&quot;},{&quot;id&quot;:805,&quot;url&quot;:&quot;https:\\\/\\\/expo-pauldelvaux.com\\\/wp-content\\\/uploads\\\/2024\\\/09\\\/2.jpg&quot;},{&quot;id&quot;:806,&quot;url&quot;:&quot;https:\\\/\\\/expo-pauldelvaux.com\\\/wp-content\\\/uploads\\\/2024\\\/09\\\/3.jpg&quot;},{&quot;id&quot;:807,&quot;url&quot;:&quot;https:\\\/\\\/expo-pauldelvaux.com\\\/wp-content\\\/uploads\\\/2024\\\/09\\\/4.jpg&quot;}],&quot;background_slideshow_slide_duration&quot;:4000,&quot;background_slideshow_loop&quot;:&quot;yes&quot;,&quot;background_slideshow_slide_transition&quot;:&quot;fade&quot;,&quot;background_slideshow_transition_duration&quot;:500}\">\n\t\t\t\t\t<div class=\"e-con-inner\">\n\t\t\t\t<div class=\"elementor-element elementor-element-abc3f4c elementor-widget elementor-widget-image\" data-id=\"abc3f4c\" data-element_type=\"widget\" data-widget_type=\"image.default\">\n\t\t\t\t<div class=\"elementor-widget-container\">\n\t\t\t\t\t\t\t\t\t\t\t\t\t\t\t<img decoding=\"async\" width=\"512\" height=\"349\" src=\"https:\/\/expo-pauldelvaux.com\/wp-content\/uploads\/2024\/09\/LOG0_Delvaux_NL-1.png\" class=\"attachment-1536x1536 size-1536x1536 wp-image-677\" alt=\"\" srcset=\"https:\/\/expo-pauldelvaux.com\/wp-content\/uploads\/2024\/09\/LOG0_Delvaux_NL-1.png 1024w, https:\/\/expo-pauldelvaux.com\/wp-content\/uploads\/2024\/09\/LOG0_Delvaux_NL-1-300x225.png 300w, https:\/\/expo-pauldelvaux.com\/wp-content\/uploads\/2024\/09\/LOG0_Delvaux_NL-1-768x576.png 768w, https:\/\/expo-pauldelvaux.com\/wp-content\/uploads\/2024\/09\/LOG0_Delvaux_NL-1-16x12.png 16w\" sizes=\"(max-width: 512px) 100vw, 512px\" \/>\t\t\t\t\t\t\t\t\t\t\t\t\t\t\t<\/div>\n\t\t\t\t<\/div>\n\t\t\t\t<div class=\"elementor-element elementor-element-770f43c elementor-widget elementor-widget-spacer\" data-id=\"770f43c\" data-element_type=\"widget\" data-widget_type=\"spacer.default\">\n\t\t\t\t<div class=\"elementor-widget-container\">\n\t\t\t\t\t\t\t<div class=\"elementor-spacer\">\n\t\t\t<div class=\"elementor-spacer-inner\"><\/div>\n\t\t<\/div>\n\t\t\t\t\t\t<\/div>\n\t\t\t\t<\/div>\n\t\t\t\t\t<\/div>\n\t\t\t\t<\/div>\n\t\t<div class=\"elementor-element elementor-element-902ea3d e-flex e-con-boxed e-con e-parent\" data-id=\"902ea3d\" data-element_type=\"container\" data-settings=\"{&quot;background_background&quot;:&quot;classic&quot;}\">\n\t\t\t\t\t<div class=\"e-con-inner\">\n\t\t\t\t<div class=\"elementor-element elementor-element-f4aa57d elementor-widget elementor-widget-spacer\" data-id=\"f4aa57d\" data-element_type=\"widget\" data-widget_type=\"spacer.default\">\n\t\t\t\t<div class=\"elementor-widget-container\">\n\t\t\t\t\t\t\t<div class=\"elementor-spacer\">\n\t\t\t<div class=\"elementor-spacer-inner\"><\/div>\n\t\t<\/div>\n\t\t\t\t\t\t<\/div>\n\t\t\t\t<\/div>\n\t\t\t\t<div class=\"elementor-element elementor-element-7d79b03 elementor-widget elementor-widget-text-editor\" data-id=\"7d79b03\" data-element_type=\"widget\" data-widget_type=\"text-editor.default\">\n\t\t\t\t<div class=\"elementor-widget-container\">\n\t\t\t\t\t\t\t\t\t<h2 style=\"text-align: center;\">De tentoonstelling <em>Paul Delvaux en zijn universum<\/em> biedt een uniek inzicht in het werk van deze wereldberoemde Belgische kunstenaar.<\/h2>\t\t\t\t\t\t\t\t<\/div>\n\t\t\t\t<\/div>\n\t\t\t\t<div class=\"elementor-element elementor-element-d61ee4b elementor-widget elementor-widget-text-editor\" data-id=\"d61ee4b\" data-element_type=\"widget\" data-widget_type=\"text-editor.default\">\n\t\t\t\t<div class=\"elementor-widget-container\">\n\t\t\t\t\t\t\t\t\t<p>Ontdek de tijdloze meesterwerken van Paul Delvaux, maar ook minder bekende facetten van de kunstenaar.<\/p>\t\t\t\t\t\t\t\t<\/div>\n\t\t\t\t<\/div>\n\t\t\t\t\t<\/div>\n\t\t\t\t<\/div>\n\t\t\t\t<\/div>","protected":false},"excerpt":{"rendered":"<p>L&rsquo;exposition Les Mondes de Paul Delvaux vous propose une vision in\u00e9dite de l&rsquo;\u0153uvre de cet artiste belge \u00e0 la renomm\u00e9e mondiale. D\u00e9couvrez les chefs-d&rsquo;\u0153uvre intemporels de Paul Delvaux ainsi que\u00a0 des facettes plus m\u00e9connues de l&rsquo;artiste.<\/p>","protected":false},"author":2,"featured_media":0,"parent":0,"menu_order":0,"comment_status":"closed","ping_status":"closed","template":"page-templates\/template-pagebuilder-full-width.php","meta":{"neve_meta_sidebar":"","neve_meta_container":"","neve_meta_enable_content_width":"","neve_meta_content_width":0,"neve_meta_title_alignment":"","neve_meta_author_avatar":"","neve_post_elements_order":"","neve_meta_disable_header":"","neve_meta_disable_footer":"","neve_meta_disable_title":"","footnotes":""},"class_list":["post-10","page","type-page","status-publish","hentry"],"yoast_head":"<!-- This site is optimized with the Yoast SEO plugin v24.4 - https:\/\/yoast.com\/wordpress\/plugins\/seo\/ -->\n<title>Accueil - EXPO Paul Delvaux<\/title>\n<meta name=\"robots\" content=\"index, follow, max-snippet:-1, max-image-preview:large, max-video-preview:-1\" \/>\n<link rel=\"canonical\" href=\"https:\/\/expo-pauldelvaux.com\/nl\/\" \/>\n<meta property=\"og:locale\" content=\"nl_BE\" \/>\n<meta property=\"og:type\" content=\"article\" \/>\n<meta property=\"og:title\" content=\"Accueil - EXPO Paul Delvaux\" \/>\n<meta property=\"og:description\" content=\"L&rsquo;exposition Les Mondes de Paul Delvaux vous propose une vision in\u00e9dite de l&rsquo;\u0153uvre de cet artiste belge \u00e0 la renomm\u00e9e mondiale. D\u00e9couvrez les chefs-d&rsquo;\u0153uvre intemporels de Paul Delvaux ainsi que\u00a0 des facettes plus m\u00e9connues de l&rsquo;artiste.\" \/>\n<meta property=\"og:url\" content=\"https:\/\/expo-pauldelvaux.com\/nl\/\" \/>\n<meta property=\"og:site_name\" content=\"EXPO Paul Delvaux\" \/>\n<meta property=\"article:publisher\" content=\"https:\/\/www.facebook.com\/expopauldelvaux\" \/>\n<meta property=\"article:modified_time\" content=\"2025-06-12T12:00:27+00:00\" \/>\n<meta property=\"og:image\" content=\"https:\/\/expo-pauldelvaux.com\/wp-content\/uploads\/2024\/09\/LOG0_Delvaux_FR-3.png\" \/>\n\t<meta property=\"og:image:width\" content=\"1024\" \/>\n\t<meta property=\"og:image:height\" content=\"768\" \/>\n\t<meta property=\"og:image:type\" content=\"image\/png\" \/>\n<meta name=\"twitter:card\" content=\"summary_large_image\" \/>\n<meta name=\"twitter:label1\" content=\"Geschatte leestijd\" \/>\n\t<meta name=\"twitter:data1\" content=\"1 minuut\" \/>\n<script type=\"application\/ld+json\" class=\"yoast-schema-graph\">{\"@context\":\"https:\/\/schema.org\",\"@graph\":[{\"@type\":\"WebPage\",\"@id\":\"https:\/\/expo-pauldelvaux.com\/\",\"url\":\"https:\/\/expo-pauldelvaux.com\/\",\"name\":\"Accueil - EXPO Paul Delvaux\",\"isPartOf\":{\"@id\":\"https:\/\/expo-pauldelvaux.com\/#website\"},\"primaryImageOfPage\":{\"@id\":\"https:\/\/expo-pauldelvaux.com\/#primaryimage\"},\"image\":{\"@id\":\"https:\/\/expo-pauldelvaux.com\/#primaryimage\"},\"thumbnailUrl\":\"https:\/\/expo-pauldelvaux.com\/wp-content\/uploads\/2024\/09\/LOG0_Delvaux_FR-3.png\",\"datePublished\":\"2024-04-30T15:44:46+00:00\",\"dateModified\":\"2025-06-12T12:00:27+00:00\",\"breadcrumb\":{\"@id\":\"https:\/\/expo-pauldelvaux.com\/#breadcrumb\"},\"inLanguage\":\"nl-BE\",\"potentialAction\":[{\"@type\":\"ReadAction\",\"target\":[\"https:\/\/expo-pauldelvaux.com\/\"]}]},{\"@type\":\"ImageObject\",\"inLanguage\":\"nl-BE\",\"@id\":\"https:\/\/expo-pauldelvaux.com\/#primaryimage\",\"url\":\"https:\/\/expo-pauldelvaux.com\/wp-content\/uploads\/2024\/09\/LOG0_Delvaux_FR-3.png\",\"contentUrl\":\"https:\/\/expo-pauldelvaux.com\/wp-content\/uploads\/2024\/09\/LOG0_Delvaux_FR-3.png\"},{\"@type\":\"BreadcrumbList\",\"@id\":\"https:\/\/expo-pauldelvaux.com\/#breadcrumb\",\"itemListElement\":[{\"@type\":\"ListItem\",\"position\":1,\"name\":\"Accueil\",\"item\":\"https:\/\/expo-pauldelvaux.com\/\"},{\"@type\":\"ListItem\",\"position\":2,\"name\":\"Accueil\"}]},{\"@type\":\"WebSite\",\"@id\":\"https:\/\/expo-pauldelvaux.com\/#website\",\"url\":\"https:\/\/expo-pauldelvaux.com\/\",\"name\":\"Exposition Paul Delvaux\",\"description\":\"Les Mondes de Paul Delvaux\",\"publisher\":{\"@id\":\"https:\/\/expo-pauldelvaux.com\/#organization\"},\"potentialAction\":[{\"@type\":\"SearchAction\",\"target\":{\"@type\":\"EntryPoint\",\"urlTemplate\":\"https:\/\/expo-pauldelvaux.com\/?s={search_term_string}\"},\"query-input\":{\"@type\":\"PropertyValueSpecification\",\"valueRequired\":true,\"valueName\":\"search_term_string\"}}],\"inLanguage\":\"nl-BE\"},{\"@type\":\"Organization\",\"@id\":\"https:\/\/expo-pauldelvaux.com\/#organization\",\"name\":\"Les Mondes de Paul Delvaux\",\"url\":\"https:\/\/expo-pauldelvaux.com\/\",\"logo\":{\"@type\":\"ImageObject\",\"inLanguage\":\"nl-BE\",\"@id\":\"https:\/\/expo-pauldelvaux.com\/#\/schema\/logo\/image\/\",\"url\":\"https:\/\/expo-pauldelvaux.com\/wp-content\/uploads\/2024\/06\/DELVAUX_affiches_carre.jpg\",\"contentUrl\":\"https:\/\/expo-pauldelvaux.com\/wp-content\/uploads\/2024\/06\/DELVAUX_affiches_carre.jpg\",\"width\":1500,\"height\":1500,\"caption\":\"Les Mondes de Paul Delvaux\"},\"image\":{\"@id\":\"https:\/\/expo-pauldelvaux.com\/#\/schema\/logo\/image\/\"},\"sameAs\":[\"https:\/\/www.facebook.com\/expopauldelvaux\",\"https:\/\/www.instagram.com\/pauldelvaux_expo\"]}]}<\/script>\n<!-- \/ Yoast SEO plugin. -->","yoast_head_json":{"title":"Accueil - EXPO Paul Delvaux","robots":{"index":"index","follow":"follow","max-snippet":"max-snippet:-1","max-image-preview":"max-image-preview:large","max-video-preview":"max-video-preview:-1"},"canonical":"https:\/\/expo-pauldelvaux.com\/nl\/","og_locale":"nl_BE","og_type":"article","og_title":"Accueil - EXPO Paul Delvaux","og_description":"L&rsquo;exposition Les Mondes de Paul Delvaux vous propose une vision in\u00e9dite de l&rsquo;\u0153uvre de cet artiste belge \u00e0 la renomm\u00e9e mondiale. D\u00e9couvrez les chefs-d&rsquo;\u0153uvre intemporels de Paul Delvaux ainsi que\u00a0 des facettes plus m\u00e9connues de l&rsquo;artiste.","og_url":"https:\/\/expo-pauldelvaux.com\/nl\/","og_site_name":"EXPO Paul Delvaux","article_publisher":"https:\/\/www.facebook.com\/expopauldelvaux","article_modified_time":"2025-06-12T12:00:27+00:00","og_image":[{"width":1024,"height":768,"url":"https:\/\/expo-pauldelvaux.com\/wp-content\/uploads\/2024\/09\/LOG0_Delvaux_FR-3.png","type":"image\/png"}],"twitter_card":"summary_large_image","twitter_misc":{"Geschatte leestijd":"1 minuut"},"schema":{"@context":"https:\/\/schema.org","@graph":[{"@type":"WebPage","@id":"https:\/\/expo-pauldelvaux.com\/","url":"https:\/\/expo-pauldelvaux.com\/","name":"Accueil - EXPO Paul Delvaux","isPartOf":{"@id":"https:\/\/expo-pauldelvaux.com\/#website"},"primaryImageOfPage":{"@id":"https:\/\/expo-pauldelvaux.com\/#primaryimage"},"image":{"@id":"https:\/\/expo-pauldelvaux.com\/#primaryimage"},"thumbnailUrl":"https:\/\/expo-pauldelvaux.com\/wp-content\/uploads\/2024\/09\/LOG0_Delvaux_FR-3.png","datePublished":"2024-04-30T15:44:46+00:00","dateModified":"2025-06-12T12:00:27+00:00","breadcrumb":{"@id":"https:\/\/expo-pauldelvaux.com\/#breadcrumb"},"inLanguage":"nl-BE","potentialAction":[{"@type":"ReadAction","target":["https:\/\/expo-pauldelvaux.com\/"]}]},{"@type":"ImageObject","inLanguage":"nl-BE","@id":"https:\/\/expo-pauldelvaux.com\/#primaryimage","url":"https:\/\/expo-pauldelvaux.com\/wp-content\/uploads\/2024\/09\/LOG0_Delvaux_FR-3.png","contentUrl":"https:\/\/expo-pauldelvaux.com\/wp-content\/uploads\/2024\/09\/LOG0_Delvaux_FR-3.png"},{"@type":"BreadcrumbList","@id":"https:\/\/expo-pauldelvaux.com\/#breadcrumb","itemListElement":[{"@type":"ListItem","position":1,"name":"Accueil","item":"https:\/\/expo-pauldelvaux.com\/"},{"@type":"ListItem","position":2,"name":"Accueil"}]},{"@type":"WebSite","@id":"https:\/\/expo-pauldelvaux.com\/#website","url":"https:\/\/expo-pauldelvaux.com\/","name":"Exposition Paul Delvaux","description":"Les Mondes de Paul Delvaux","publisher":{"@id":"https:\/\/expo-pauldelvaux.com\/#organization"},"potentialAction":[{"@type":"SearchAction","target":{"@type":"EntryPoint","urlTemplate":"https:\/\/expo-pauldelvaux.com\/?s={search_term_string}"},"query-input":{"@type":"PropertyValueSpecification","valueRequired":true,"valueName":"search_term_string"}}],"inLanguage":"nl-BE"},{"@type":"Organization","@id":"https:\/\/expo-pauldelvaux.com\/#organization","name":"Les Mondes de Paul Delvaux","url":"https:\/\/expo-pauldelvaux.com\/","logo":{"@type":"ImageObject","inLanguage":"nl-BE","@id":"https:\/\/expo-pauldelvaux.com\/#\/schema\/logo\/image\/","url":"https:\/\/expo-pauldelvaux.com\/wp-content\/uploads\/2024\/06\/DELVAUX_affiches_carre.jpg","contentUrl":"https:\/\/expo-pauldelvaux.com\/wp-content\/uploads\/2024\/06\/DELVAUX_affiches_carre.jpg","width":1500,"height":1500,"caption":"Les Mondes de Paul Delvaux"},"image":{"@id":"https:\/\/expo-pauldelvaux.com\/#\/schema\/logo\/image\/"},"sameAs":["https:\/\/www.facebook.com\/expopauldelvaux","https:\/\/www.instagram.com\/pauldelvaux_expo"]}]}},"_links":{"self":[{"href":"https:\/\/expo-pauldelvaux.com\/nl\/wp-json\/wp\/v2\/pages\/10","targetHints":{"allow":["GET"]}}],"collection":[{"href":"https:\/\/expo-pauldelvaux.com\/nl\/wp-json\/wp\/v2\/pages"}],"about":[{"href":"https:\/\/expo-pauldelvaux.com\/nl\/wp-json\/wp\/v2\/types\/page"}],"author":[{"embeddable":true,"href":"https:\/\/expo-pauldelvaux.com\/nl\/wp-json\/wp\/v2\/users\/2"}],"replies":[{"embeddable":true,"href":"https:\/\/expo-pauldelvaux.com\/nl\/wp-json\/wp\/v2\/comments?post=10"}],"version-history":[{"count":149,"href":"https:\/\/expo-pauldelvaux.com\/nl\/wp-json\/wp\/v2\/pages\/10\/revisions"}],"predecessor-version":[{"id":1154,"href":"https:\/\/expo-pauldelvaux.com\/nl\/wp-json\/wp\/v2\/pages\/10\/revisions\/1154"}],"wp:attachment":[{"href":"https:\/\/expo-pauldelvaux.com\/nl\/wp-json\/wp\/v2\/media?parent=10"}],"curies":[{"name":"wp","href":"https:\/\/api.w.org\/{rel}","templated":true}]}}